{"id":59,"date":"2021-06-15T16:44:24","date_gmt":"2021-06-15T14:44:24","guid":{"rendered":"http:\/\/andy.saves-the-whales.com\/wordpress\/?page_id=59"},"modified":"2022-03-27T20:57:23","modified_gmt":"2022-03-27T18:57:23","slug":"impressum","status":"publish","type":"page","link":"https:\/\/ifocusmylife.com\/index.php\/impressum\/","title":{"rendered":"Impressum"},"content":{"rendered":"\n<p><strong>Urheberrechtshinweis<\/strong><br>Alle Inhalte von ifocusmylife, der Website ifocusmylife.com und der App ifocusmylife, sind urheberrechtlich gesch\u00fctzt. Das gilt insbesondere f\u00fcr Audioaufnahmen, Videoaufnahmen, Texte, Fotografien und Grafiken.<\/p>\n\n\n\n<div style=\"height:30px\" aria-hidden=\"true\" class=\"wp-block-spacer\"><\/div>\n\n\n\n<p><strong>Entwicklung der Methode ifocusmylife und s\u00e4mtlicher Inhalte<\/strong><br>Uwe Franz<br>\u00a9Copyright 2015 \u2013 2020 ifocusmylife: Uwe Franz<\/p>\n\n\n\n<div style=\"height:30px\" aria-hidden=\"true\" class=\"wp-block-spacer\"><\/div>\n\n\n\n<p><strong>Corporate Design und konzeptuelle Umsetzung<\/strong><br>Barbara Sailer, <a href=\"https:\/\/sailer-grafik-design.de\/\" target=\"_blank\" rel=\"noreferrer noopener\">www.sailer-grafik-design.de<\/a><\/p>\n\n\n\n<div style=\"height:30px\" aria-hidden=\"true\" class=\"wp-block-spacer\"><\/div>\n\n\n\n<p><strong>technische Umsetzung und Programmierung der Website<\/strong><br>Andreas Bergner, <a href=\"https:\/\/webdesign-bergner.de\" target=\"_blank\" rel=\"noreferrer noopener\">www.webdesign-bergner.de<\/a><\/p>\n\n\n\n<div style=\"height:30px\" aria-hidden=\"true\" class=\"wp-block-spacer\"><\/div>\n\n\n\n<p><strong>ifocusmylife ist ein Projekt der NOSGROUP GmbH<\/strong><br>Zeiler Str. 61, 97437 Ha\u00dffurt<br>Telefon: +49 9521 952824-70, Telefax: +49 9521 952824-64<\/p>\n\n\n\n<div style=\"height:30px\" aria-hidden=\"true\" class=\"wp-block-spacer\"><\/div>\n\n\n\n<p><strong>Rechtliche Angaben<\/strong><br>Registergericht Bamberg<br>HRB 5922<br>USt-ID: DE258115915<br>Zust\u00e4ndige Aufsichtsbeh\u00f6rde:<br>IHK W\u00fc\/Schweinfurt<br>Gesch\u00e4ftsf\u00fchrer der NOSGROUP:<br>Christian Z\u00f6sch, Michael K\u00f6gler<br>Prokurist: Stefan Gebhardt<br><a rel=\"noreferrer noopener\" href=\"https:\/\/nosgroup.de\/\" target=\"_blank\">www.nosgroup.de<\/a><\/p>\n\n\n\n<div style=\"height:30px\" aria-hidden=\"true\" class=\"wp-block-spacer\"><\/div>\n","protected":false},"excerpt":{"rendered":"<p>UrheberrechtshinweisAlle Inhalte von ifocusmylife, der Website ifocusmylife.com und der App ifocusmylife, sind urheberrechtlich gesch\u00fctzt. Das gilt insbesondere f\u00fcr Audioaufnahmen, Videoaufnahmen, Texte, Fotografien und Grafiken. Entwicklung der Methode ifocusmylife und s\u00e4mtlicher InhalteUwe Franz\u00a9Copyright 2015 \u2013 2020 ifocusmylife: Uwe Franz Corporate Design und konzeptuelle UmsetzungBarbara Sailer, www.sailer-grafik-design.de technische Umsetzung und Programmierung der WebsiteAndreas Bergner, www.webdesign-bergner.de ifocusmylife ist [&hellip;]<\/p>\n","protected":false},"author":1,"featured_media":0,"parent":0,"menu_order":0,"comment_status":"closed","ping_status":"closed","template":"","meta":{"footnotes":""},"class_list":["post-59","page","type-page","status-publish","hentry"],"_links":{"self":[{"href":"https:\/\/ifocusmylife.com\/index.php\/wp-json\/wp\/v2\/pages\/59","targetHints":{"allow":["GET"]}}],"collection":[{"href":"https:\/\/ifocusmylife.com\/index.php\/wp-json\/wp\/v2\/pages"}],"about":[{"href":"https:\/\/ifocusmylife.com\/index.php\/wp-json\/wp\/v2\/types\/page"}],"author":[{"embeddable":true,"href":"https:\/\/ifocusmylife.com\/index.php\/wp-json\/wp\/v2\/users\/1"}],"replies":[{"embeddable":true,"href":"https:\/\/ifocusmylife.com\/index.php\/wp-json\/wp\/v2\/comments?post=59"}],"version-history":[{"count":4,"href":"https:\/\/ifocusmylife.com\/index.php\/wp-json\/wp\/v2\/pages\/59\/revisions"}],"predecessor-version":[{"id":326,"href":"https:\/\/ifocusmylife.com\/index.php\/wp-json\/wp\/v2\/pages\/59\/revisions\/326"}],"wp:attachment":[{"href":"https:\/\/ifocusmylife.com\/index.php\/wp-json\/wp\/v2\/media?parent=59"}],"curies":[{"name":"wp","href":"https:\/\/api.w.org\/{rel}","templated":true}]}}